{"id":599,"date":"2026-01-07T10:44:16","date_gmt":"2026-01-07T10:44:16","guid":{"rendered":"https:\/\/sammedic.org\/?page_id=599"},"modified":"2026-02-05T11:10:36","modified_gmt":"2026-02-05T11:10:36","slug":"jaarverslagen","status":"publish","type":"page","link":"https:\/\/sammedic.org\/nl_nl\/jaarverslagen\/","title":{"rendered":"Stichting en Jaarverslagen"},"content":{"rendered":"\t\t<div data-elementor-type=\"wp-page\" data-elementor-id=\"599\" class=\"elementor elementor-599\" data-elementor-post-type=\"page\">\n\t\t\t\t<div class=\"elementor-element elementor-element-2d8c6464 e-flex e-con-boxed e-con e-parent\" data-id=\"2d8c6464\" data-element_type=\"container\" data-e-type=\"container\" data-settings=\"{&quot;background_background&quot;:&quot;classic&quot;}\">\n\t\t\t\t\t<div class=\"e-con-inner\">\n\t\t\t\t<div class=\"elementor-element elementor-element-6d6278eb elementor-widget elementor-widget-heading\" data-id=\"6d6278eb\" data-element_type=\"widget\" data-e-type=\"widget\" data-widget_type=\"heading.default\">\n\t\t\t\t\t<h2 class=\"elementor-heading-title elementor-size-default\">Bestuursleden<\/h2>\t\t\t\t<\/div>\n\t\t<div class=\"elementor-element elementor-element-53ac8608 e-con-full e-flex e-con e-child\" data-id=\"53ac8608\" data-element_type=\"container\" data-e-type=\"container\">\n\t\t\t\t<div class=\"elementor-element elementor-element-69a6a42f elementor-widget-tablet__width-initial elementor-widget-mobile__width-inherit elementor-widget__width-initial elementor-widget elementor-widget-image-box\" data-id=\"69a6a42f\" data-element_type=\"widget\" data-e-type=\"widget\" data-widget_type=\"image-box.default\">\n\t\t\t\t\t<div class=\"elementor-image-box-wrapper\"><div class=\"elementor-image-box-content\"><h4 class=\"elementor-image-box-title\">Pim de Lijster - Voorzitter \/ Projectco\u00f6rdinator<\/h4><p class=\"elementor-image-box-description\">Vanaf 2000 is Pim betrokken bij Stichting SAM toen hij, samen met zijn vrouw Willemijn, als arts tot begin 2003 werkzaam was in het ziekenhuis van Nkhoma, Malawi.  Na een tussenperiode in Australi\u00eb, bij de Royal Flying Doctor Service, is hij in 2009 begonnen met het Mozmed project in Moma, Mozambique. Later kwam daar het Mozmed project in Gur\u00fa\u00e8 bij. Tot medio 2014 heeft hij leiding gegeven aan een team van artsen, tandartsen, verpleegkundige en ondersteunende vrijwilligers. Eind 2014 is hij samen met zijn vrouw en gezin verhuisd naar Portugal en werkt hij daar op de spoedeisende hulp van een ziekenhuis. Sinds 2014 is hij bestuurslid en contactpersoon met de lopende projecten in Mozambique. In 2020 heeft hij het voorzitterschap overgenomen van Jan van der Spek.<\/p><\/div><\/div>\t\t\t\t<\/div>\n\t\t\t\t<div class=\"elementor-element elementor-element-7c61a09d elementor-widget-tablet__width-initial elementor-widget-mobile__width-inherit elementor-widget__width-initial elementor-widget elementor-widget-image-box\" data-id=\"7c61a09d\" data-element_type=\"widget\" data-e-type=\"widget\" data-widget_type=\"image-box.default\">\n\t\t\t\t\t<div class=\"elementor-image-box-wrapper\"><div class=\"elementor-image-box-content\"><h4 class=\"elementor-image-box-title\">Jan Vonk \u2014 Penningmeester<\/h4><p class=\"elementor-image-box-description\">Jan Vonk is sinds de oprichting als penningmeester verbonden aan Stichting SAM. Geboren in 1946 en dus inmiddels met pensioen na ruim 35 jaar werkzaam geweest te zijn als zelfstandig financieel adviseur na een accountancy opleiding. Nu nog parttime actief als belastingconsulent en als vrijwilliger bij een paar stichtingen waaronder de protestantse kerk in zijn woonplaats Terheijden bij Breda. Getrouwd met Els, vader van twee zonen en trotse opa van vier kleinkinderen.<\/p><\/div><\/div>\t\t\t\t<\/div>\n\t\t\t\t<div class=\"elementor-element elementor-element-366f0b3b elementor-widget-tablet__width-initial elementor-widget-mobile__width-inherit elementor-widget__width-initial elementor-widget elementor-widget-image-box\" data-id=\"366f0b3b\" data-element_type=\"widget\" data-e-type=\"widget\" data-widget_type=\"image-box.default\">\n\t\t\t\t\t<div class=\"elementor-image-box-wrapper\"><div class=\"elementor-image-box-content\"><h4 class=\"elementor-image-box-title\">Elke Wilson-van Alphen \u2014 Public Relations<\/h4><p class=\"elementor-image-box-description\">Elke is geboren in 1979 en verloskundige van beroep. Zij is getrouwd met Pieter en heeft 3 kinderen. Sinds 2008 maakt zij deel uit van het bestuur van Stichting SAM. Haar interesse voor Stichting SAM komt voort uit haar eigen medische achtergrond, maar ook interesse in werken in een ontwikkelingsland en verder in de persoonlijke connectie met Pim en Willemijn de Lijster. Een paar jaar geleden heeft zij de Tropencursus gevolgd bij het Havenziekenhuis in Rotterdam. Pim en Willemijn kennen Elke via de Koningskerk in Rotterdam Feijenoord. Dit alles bij elkaar maakt dat zij het leuk vindt om zich in te zetten voor dit mooie project!<\/p><\/div><\/div>\t\t\t\t<\/div>\n\t\t\t\t<div class=\"elementor-element elementor-element-17738185 elementor-widget-tablet__width-initial elementor-widget-mobile__width-inherit elementor-widget__width-initial elementor-widget elementor-widget-image-box\" data-id=\"17738185\" data-element_type=\"widget\" data-e-type=\"widget\" data-widget_type=\"image-box.default\">\n\t\t\t\t\t<div class=\"elementor-image-box-wrapper\"><div class=\"elementor-image-box-content\"><h4 class=\"elementor-image-box-title\">Marie-Cecile van der Pol-Bijloo \u2014 Secretaris<\/h4><p class=\"elementor-image-box-description\">Sinds mei 2015 is Marie-Cecile van der Pol- Bijloo betrokken bij de SAM. Ze kent Willemijn al sinds haar kindertijd en is zo bij Stichting SAM terechtgekomen. Marie-Cecile is gehuwd en heeft een dochter,  daarbij nog twee prachtige stiefdochters.  Na haar middelbare school is ze tandheelkunde in Amsterdam gaan studeren. Met haar gezin woont en werkt ze met veel plezier in het prachtige Ouddorp.<\/p><\/div><\/div>\t\t\t\t<\/div>\n\t\t\t\t<\/div>\n\t\t\t\t\t<\/div>\n\t\t\t\t<\/div>\n\t\t<div class=\"elementor-element elementor-element-3e11266 e-flex e-con-boxed e-con e-parent\" data-id=\"3e11266\" data-element_type=\"container\" data-e-type=\"container\">\n\t\t\t\t\t<div class=\"e-con-inner\">\n\t\t\t\t<div class=\"elementor-element elementor-element-33f191e elementor-widget elementor-widget-heading\" data-id=\"33f191e\" data-element_type=\"widget\" data-e-type=\"widget\" data-widget_type=\"heading.default\">\n\t\t\t\t\t<h2 class=\"elementor-heading-title elementor-size-default\">Jaarverslagen<\/h2>\t\t\t\t<\/div>\n\t\t\t\t<div class=\"elementor-element elementor-element-1e060ed elementor-widget elementor-widget-text-editor\" data-id=\"1e060ed\" data-element_type=\"widget\" data-e-type=\"widget\" data-widget_type=\"text-editor.default\">\n\t\t\t\t\t\t\t\t\t<p>Omdat Stichting SAM als ANBI instelling staat geregistreerd, heeft de stichting de wettelijke verplichting om onderstaande informatie over de stichting te geven.<\/p><p>Stichting SAM staat bij de belastingdienst onder nummer 8093.53.544 geregistreerd. Het bezoekadres van de stichting is Liesveld 5 te Terheijden. De samenstelling van het bestuur staat hierboven.<\/p><p>De bestuurders hebben recht op een vrijwilligersvergoeding, maar kunnen daarvan afzien. De doelstelling en het beleidsplan van de stichting is op meerdere pagina\u2019s van de website te lezen. De hoofdlijnen van het actuele beleidsplan omvatten de ondersteuning van medische projecten in Afrika, met name in Mozambique, en het werven van fondsen hiervoor.<\/p><p>Het boekjaar van de stichting is gelijk aan het kalenderjaar. Een overzicht van de jaarlijkse activiteiten en de laatste jaarrekeningen zijn hieronder vermeld.<\/p>\t\t\t\t\t\t\t\t<\/div>\n\t\t\t\t<div class=\"elementor-element elementor-element-9ae34ac elementor-widget elementor-widget-n-accordion\" data-id=\"9ae34ac\" data-element_type=\"widget\" data-e-type=\"widget\" data-settings=\"{&quot;default_state&quot;:&quot;all_collapsed&quot;,&quot;max_items_expended&quot;:&quot;one&quot;,&quot;n_accordion_animation_duration&quot;:{&quot;unit&quot;:&quot;ms&quot;,&quot;size&quot;:400,&quot;sizes&quot;:[]}}\" data-widget_type=\"nested-accordion.default\">\n\t\t\t\t\t\t\t<div class=\"e-n-accordion\" aria-label=\"Accordion. Open links with Enter or Space, close with Escape, and navigate with Arrow Keys\">\n\t\t\t\t\t\t<details id=\"e-n-accordion-item-1620\" class=\"e-n-accordion-item\" >\n\t\t\t\t<summary class=\"e-n-accordion-item-title\" data-accordion-index=\"1\" tabindex=\"0\" aria-expanded=\"false\" aria-controls=\"e-n-accordion-item-1620\" >\n\t\t\t\t\t<span class='e-n-accordion-item-title-header'><div class=\"e-n-accordion-item-title-text\"> Jaarverslag 2024 <\/div><\/span>\n\t\t\t\t\t\t\t<span class='e-n-accordion-item-title-icon'>\n\t\t\t<span class='e-opened' ><svg aria-hidden=\"true\" class=\"e-font-icon-svg e-fas-minus\" viewBox=\"0 0 448 512\" xmlns=\"http:\/\/www.w3.org\/2000\/svg\"><path d=\"M416 208H32c-17.67 0-32 14.33-32 32v32c0 17.67 14.33 32 32 32h384c17.67 0 32-14.33 32-32v-32c0-17.67-14.33-32-32-32z\"><\/path><\/svg><\/span>\n\t\t\t<span class='e-closed'><svg aria-hidden=\"true\" class=\"e-font-icon-svg e-fas-plus\" viewBox=\"0 0 448 512\" xmlns=\"http:\/\/www.w3.org\/2000\/svg\"><path d=\"M416 208H272V64c0-17.67-14.33-32-32-32h-32c-17.67 0-32 14.33-32 32v144H32c-17.67 0-32 14.33-32 32v32c0 17.67 14.33 32 32 32h144v144c0 17.67 14.33 32 32 32h32c17.67 0 32-14.33 32-32V304h144c17.67 0 32-14.33 32-32v-32c0-17.67-14.33-32-32-32z\"><\/path><\/svg><\/span>\n\t\t<\/span>\n\n\t\t\t\t\t\t<\/summary>\n\t\t\t\t<div role=\"region\" aria-labelledby=\"e-n-accordion-item-1620\" class=\"elementor-element elementor-element-d7bd772 e-con-full e-flex e-con e-child\" data-id=\"d7bd772\" data-element_type=\"container\" data-e-type=\"container\">\n\t\t<div role=\"region\" aria-labelledby=\"e-n-accordion-item-1620\" class=\"elementor-element elementor-element-34696af e-flex e-con-boxed e-con e-child\" data-id=\"34696af\" data-element_type=\"container\" data-e-type=\"container\">\n\t\t\t\t\t<div class=\"e-con-inner\">\n\t\t\t\t<div class=\"elementor-element elementor-element-da969fd elementor-widget elementor-widget-text-editor\" data-id=\"da969fd\" data-element_type=\"widget\" data-e-type=\"widget\" data-widget_type=\"text-editor.default\">\n\t\t\t\t\t\t\t\t\t<h1 class=\"has-medium-font-size\"><strong>ACTIVITEITEN van Stichting SAM (Stichting Support African Mission) in 2024<\/strong><\/h1><p>In februari 2024 is het mobiele medische project (Mozmed project in Tete) in Tete provincie officieel van start gegaan onder de hoede van Miss\u00e3o Betesda em Mo\u00e7ambique (MB). Het team van 2 vroedvrouwen en een gezondheidswerker die vaccineert is uitgebreid met een gespecialiseerde medische technicus (tecnico medico) die pati\u00ebnten ziet en waar nodig bevoegd is om medicatie voor te schrijven. SAM ondersteunt dit project ook financieel.<\/p><p>De voorzitter heeft 2 keer een ondersteunend bezoek gebracht. Het eerste bezoek vond plaats in het voorjaar van 2024 en gedurende dat bezoek heeft hij, samen met zijn vrouw, de medewerkers ondersteund en geholpen bij het legaliseren van de diverse aspecten van het project en de doorstart van het project onder MB in samen werking met de voorzitter van MB in goede banen te leiden. \u00a0Contacten met de diverse ministeries op lokaal, provinciaal en landelijk niveau in Mozambique werden tevens onderhouden en versterkt.<\/p><p>Later het jaar heeft de voorzitter een tweede bezoek gebracht om de voortgang van het project te volgen. De leiding van het project ligt bij MB en de uitvoering daarvan wordt in nauwe samenwerking met Stichting SAM gedaan.<\/p><p>Ook is de voorzitter een mede-aanspreekpunt voor de medewerkers in het project in Tete.<\/p><p>Eenmaal per jaar brengt de voorzitter een bezoek aan Nampula, dit is in combinatie met zijn eerste bezoek aan Tete. Dit bezoek is om de diverse projecten in Nampula te bezoeken, Mozmed Project in Nampula, Deus Abencoe a Africa, Casa Nutri en besprekingen te hebben met de uitvoerenden.<\/p><p>Met andere projecten die ondersteunt worden in Afrika wordt contact onderhouden door de verschillende bestuursleden.<\/p><p>De financiele ondersteuning voor de diverse projecten is in 2024 voortgezet.<\/p>\t\t\t\t\t\t\t\t<\/div>\n\t\t\t\t<div class=\"elementor-element elementor-element-1930fef elementor-align-start elementor-icon-list--layout-traditional elementor-list-item-link-full_width elementor-widget elementor-widget-icon-list\" data-id=\"1930fef\" data-element_type=\"widget\" data-e-type=\"widget\" data-widget_type=\"icon-list.default\">\n\t\t\t\t\t\t\t<ul class=\"elementor-icon-list-items\">\n\t\t\t\t\t\t\t<li class=\"elementor-icon-list-item\">\n\t\t\t\t\t\t\t\t\t\t\t<a href=\"https:\/\/sammedic.org\/wp-content\/uploads\/2026\/01\/2024-Jaarrekening-SAM.pdf\" target=\"_blank\">\n\n\t\t\t\t\t\t\t\t\t\t\t\t<span class=\"elementor-icon-list-icon\">\n\t\t\t\t\t\t\t<svg aria-hidden=\"true\" class=\"e-font-icon-svg e-fas-file-download\" viewBox=\"0 0 384 512\" xmlns=\"http:\/\/www.w3.org\/2000\/svg\"><path d=\"M224 136V0H24C10.7 0 0 10.7 0 24v464c0 13.3 10.7 24 24 24h336c13.3 0 24-10.7 24-24V160H248c-13.2 0-24-10.8-24-24zm76.45 211.36l-96.42 95.7c-6.65 6.61-17.39 6.61-24.04 0l-96.42-95.7C73.42 337.29 80.54 320 94.82 320H160v-80c0-8.84 7.16-16 16-16h32c8.84 0 16 7.16 16 16v80h65.18c14.28 0 21.4 17.29 11.27 27.36zM377 105L279.1 7c-4.5-4.5-10.6-7-17-7H256v128h128v-6.1c0-6.3-2.5-12.4-7-16.9z\"><\/path><\/svg>\t\t\t\t\t\t<\/span>\n\t\t\t\t\t\t\t\t\t\t<span class=\"elementor-icon-list-text\">Financieel jaarverslag 2024<\/span>\n\t\t\t\t\t\t\t\t\t\t\t<\/a>\n\t\t\t\t\t\t\t\t\t<\/li>\n\t\t\t\t\t\t<\/ul>\n\t\t\t\t\t\t<\/div>\n\t\t\t\t\t<\/div>\n\t\t\t\t<\/div>\n\t\t\t\t<\/div>\n\t\t\t\t\t<\/details>\n\t\t\t\t\t\t<details id=\"e-n-accordion-item-1621\" class=\"e-n-accordion-item\" >\n\t\t\t\t<summary class=\"e-n-accordion-item-title\" data-accordion-index=\"2\" tabindex=\"-1\" aria-expanded=\"false\" aria-controls=\"e-n-accordion-item-1621\" >\n\t\t\t\t\t<span class='e-n-accordion-item-title-header'><div class=\"e-n-accordion-item-title-text\"> Jaarverslag 2023 <\/div><\/span>\n\t\t\t\t\t\t\t<span class='e-n-accordion-item-title-icon'>\n\t\t\t<span class='e-opened' ><svg aria-hidden=\"true\" class=\"e-font-icon-svg e-fas-minus\" viewBox=\"0 0 448 512\" xmlns=\"http:\/\/www.w3.org\/2000\/svg\"><path d=\"M416 208H32c-17.67 0-32 14.33-32 32v32c0 17.67 14.33 32 32 32h384c17.67 0 32-14.33 32-32v-32c0-17.67-14.33-32-32-32z\"><\/path><\/svg><\/span>\n\t\t\t<span class='e-closed'><svg aria-hidden=\"true\" class=\"e-font-icon-svg e-fas-plus\" viewBox=\"0 0 448 512\" xmlns=\"http:\/\/www.w3.org\/2000\/svg\"><path d=\"M416 208H272V64c0-17.67-14.33-32-32-32h-32c-17.67 0-32 14.33-32 32v144H32c-17.67 0-32 14.33-32 32v32c0 17.67 14.33 32 32 32h144v144c0 17.67 14.33 32 32 32h32c17.67 0 32-14.33 32-32V304h144c17.67 0 32-14.33 32-32v-32c0-17.67-14.33-32-32-32z\"><\/path><\/svg><\/span>\n\t\t<\/span>\n\n\t\t\t\t\t\t<\/summary>\n\t\t\t\t<div role=\"region\" aria-labelledby=\"e-n-accordion-item-1621\" class=\"elementor-element elementor-element-bd96bdb e-con-full e-flex e-con e-child\" data-id=\"bd96bdb\" data-element_type=\"container\" data-e-type=\"container\">\n\t\t\t\t<div class=\"elementor-element elementor-element-40c3cc1 elementor-widget elementor-widget-text-editor\" data-id=\"40c3cc1\" data-element_type=\"widget\" data-e-type=\"widget\" data-widget_type=\"text-editor.default\">\n\t\t\t\t\t\t\t\t\t<h1 class=\"has-medium-font-size\"><strong>ACTIVITEITEN van Stichting SAM (Stichting Support African Mission) in 2023<\/strong><\/h1><p>In het voorjaar van 2023 is de voorzitter van SAM voor verdere gesprekken naar Tete, Mozambique, gevlogen. Samen met de voorzitter van Miss\u00e3o Betesda em Mo\u00e7ambique (MB), de Mozambikaanse NGO waarmee SAM samenwerkt in Mozambique, zijn er verdere gesprekken gevoerd met de Igreja Reformada em Mo\u00e7ambique (IRM) om tot een memorandum van understanding te komen voor de implementatie van een eerstelijns medisch mobiel project in MB dat jaren onder IRM gefunctioneerd heeft.<\/p><p>Later dat jaar is er een nieuwe auto voor het project aangeschaft door een andere ondersteuner en is deze afgeleverd bij het team in Tete<strong>.<\/strong><\/p><p>Het medisch mobiel project heeft sinds begin jaren negentig onder de vlag van de IRM gefunctioneerd. Om het project wat te versterken en nieuwe mogelijkheden te implementeren zal het voortaan onder MB verder gaan. Om dit tot een goede overname te laten lopen en om de aanvulling van een verpleegkundige en\/of arts mogelijk te maken waren gesprekken nodig op verschillende niveaus. Te weten districts-, provinciaal- en landelijk niveau met de betreffende ministers en directeuren van de gezondheidszorg.<\/p><p>Ook dit jaar heeft Stichting SAM \u201cDeus Aben\u00e7oe \u00e0 \u00c1frica\u201d financieel ondersteund. Casa Nutrir is financieel ondersteund voor de uitbreiding en restauratie van het bestaande pand zodat er meer ruimte is voor het ondersteunen en begeleiden van ernstig ondervoedde kinderen. \u00a0Er is geld vrijgemaakt voor de aanschaf van 4 stapelbedden in een klein gastenhuis voor maximaal 8 personen dat gebouwd is met hulp van een andere stichting. Pati\u00ebnten van klinieken die bezocht worden door het MozMed team van Nampula en met het vliegtuig mee terugkomen voor behandeling in de stad kunnen aansterken in het gastenhuis en daar de tijd overbruggen tot ze weer terug kunnen op een volgende kliniekvlucht naar hun dorpjes. Het project van Ruth\u2019s Shelter in Kenia heeft een financiele bijdrage ontvangen voor de uitbreiding van hun kookmogelijkheden voor de kinderen, er zijn een aantal grote fornuizen en pannen aangeschaft.<\/p>\t\t\t\t\t\t\t\t<\/div>\n\t\t\t\t<div class=\"elementor-element elementor-element-0ba4044 elementor-align-start elementor-icon-list--layout-traditional elementor-list-item-link-full_width elementor-widget elementor-widget-icon-list\" data-id=\"0ba4044\" data-element_type=\"widget\" data-e-type=\"widget\" data-widget_type=\"icon-list.default\">\n\t\t\t\t\t\t\t<ul class=\"elementor-icon-list-items\">\n\t\t\t\t\t\t\t<li class=\"elementor-icon-list-item\">\n\t\t\t\t\t\t\t\t\t\t\t<a href=\"https:\/\/sammedic.org\/wp-content\/uploads\/2026\/01\/2023-Stichting-SAM-financieel-overzicht.pdf\" target=\"_blank\">\n\n\t\t\t\t\t\t\t\t\t\t\t\t<span class=\"elementor-icon-list-icon\">\n\t\t\t\t\t\t\t<svg aria-hidden=\"true\" class=\"e-font-icon-svg e-fas-file-download\" viewBox=\"0 0 384 512\" xmlns=\"http:\/\/www.w3.org\/2000\/svg\"><path d=\"M224 136V0H24C10.7 0 0 10.7 0 24v464c0 13.3 10.7 24 24 24h336c13.3 0 24-10.7 24-24V160H248c-13.2 0-24-10.8-24-24zm76.45 211.36l-96.42 95.7c-6.65 6.61-17.39 6.61-24.04 0l-96.42-95.7C73.42 337.29 80.54 320 94.82 320H160v-80c0-8.84 7.16-16 16-16h32c8.84 0 16 7.16 16 16v80h65.18c14.28 0 21.4 17.29 11.27 27.36zM377 105L279.1 7c-4.5-4.5-10.6-7-17-7H256v128h128v-6.1c0-6.3-2.5-12.4-7-16.9z\"><\/path><\/svg>\t\t\t\t\t\t<\/span>\n\t\t\t\t\t\t\t\t\t\t<span class=\"elementor-icon-list-text\">Financieel jaarverslag 2023<\/span>\n\t\t\t\t\t\t\t\t\t\t\t<\/a>\n\t\t\t\t\t\t\t\t\t<\/li>\n\t\t\t\t\t\t<\/ul>\n\t\t\t\t\t\t<\/div>\n\t\t\t\t<\/div>\n\t\t\t\t\t<\/details>\n\t\t\t\t\t\t<details id=\"e-n-accordion-item-1622\" class=\"e-n-accordion-item\" >\n\t\t\t\t<summary class=\"e-n-accordion-item-title\" data-accordion-index=\"3\" tabindex=\"-1\" aria-expanded=\"false\" aria-controls=\"e-n-accordion-item-1622\" >\n\t\t\t\t\t<span class='e-n-accordion-item-title-header'><div class=\"e-n-accordion-item-title-text\"> Jaarverslag 2022 <\/div><\/span>\n\t\t\t\t\t\t\t<span class='e-n-accordion-item-title-icon'>\n\t\t\t<span class='e-opened' ><svg aria-hidden=\"true\" class=\"e-font-icon-svg e-fas-minus\" viewBox=\"0 0 448 512\" xmlns=\"http:\/\/www.w3.org\/2000\/svg\"><path d=\"M416 208H32c-17.67 0-32 14.33-32 32v32c0 17.67 14.33 32 32 32h384c17.67 0 32-14.33 32-32v-32c0-17.67-14.33-32-32-32z\"><\/path><\/svg><\/span>\n\t\t\t<span class='e-closed'><svg aria-hidden=\"true\" class=\"e-font-icon-svg e-fas-plus\" viewBox=\"0 0 448 512\" xmlns=\"http:\/\/www.w3.org\/2000\/svg\"><path d=\"M416 208H272V64c0-17.67-14.33-32-32-32h-32c-17.67 0-32 14.33-32 32v144H32c-17.67 0-32 14.33-32 32v32c0 17.67 14.33 32 32 32h144v144c0 17.67 14.33 32 32 32h32c17.67 0 32-14.33 32-32V304h144c17.67 0 32-14.33 32-32v-32c0-17.67-14.33-32-32-32z\"><\/path><\/svg><\/span>\n\t\t<\/span>\n\n\t\t\t\t\t\t<\/summary>\n\t\t\t\t<div role=\"region\" aria-labelledby=\"e-n-accordion-item-1622\" class=\"elementor-element elementor-element-425587b e-con-full e-flex e-con e-child\" data-id=\"425587b\" data-element_type=\"container\" data-e-type=\"container\">\n\t\t\t\t<div class=\"elementor-element elementor-element-cefdb53 elementor-widget elementor-widget-text-editor\" data-id=\"cefdb53\" data-element_type=\"widget\" data-e-type=\"widget\" data-widget_type=\"text-editor.default\">\n\t\t\t\t\t\t\t\t\t<h1 class=\"has-text-align-left has-medium-font-size\"><strong>ACTIVITEITEN van Stichting SAM (Stichting Support African Mission) in 2022<\/strong><\/h1><p>Dit jaar heeft Stichting SAM \u201cDeus Aben\u00e7oe \u00e0 \u00c1frica\u201d financieel ondersteund met een maandelijkse bijdrage van \u20ac 600. Dit bedrag is verhoogd van \u20ac500 naar \u20ac600\u00a0 per maand door de verhoogde kosten voor de aanschaf van medicatie voor opgenomen kinderen. Er is dit jaar ook besloten om \u201cCasa Nutrir\u201d financieel te ondersteunen, een project in Nampula dat zwaar ondervoede kinderen en hun moeders begeleidt en ondersteunt. Dit project heeft onlangs een terrein gekocht en Stichting SAM heeft toegezegd de nodige verbouwing en constructie met een bedrag van \u20ac3000 te ondersteunen. Ondanks de reparaties aan de Land Rover die vorig jaar in Johannesburg op kosten van SAM hebben plaatsgevonden, waren ook dit jaar enkele reparaties nodig aan deze kliniekauto. Onderdelen hiervoor en logistiek voor het vervoer van deze onderdelen zijn door Stichting SAM geregeld.<\/p><p>In juni 2022 heeft de voorzitter van SAM een werkbezoek afgelegd aan Malawi en T\u00eate provincie, Mozambique in samenwerking met een delegatie van de Nederduitse Gereformeerde Kerk van de Kaap, Zuid Afrika. Er is gekeken naar de mogelijkheid om een medisch project in Tete, die op dit moment door de locale kerk wordt geleidt, te integreren in \u201cMiss\u00e3o Betesda em Mo\u00e7ambique\u201d om zo dit medische project te versterken en verder te ontwikkelen. Ook is gedurende deze reis weer als arts gewerkt gedurende een 2daagse fly-in kliniek in Niassa provincie, georganiseerd door \u201cMiss\u00e3o Betesda em Mozambique\u201d in samenwerking met \u201cMisssion Aviation Fellowship\u201d.<\/p>\t\t\t\t\t\t\t\t<\/div>\n\t\t\t\t<div class=\"elementor-element elementor-element-a6d8f2a elementor-align-start elementor-icon-list--layout-traditional elementor-list-item-link-full_width elementor-widget elementor-widget-icon-list\" data-id=\"a6d8f2a\" data-element_type=\"widget\" data-e-type=\"widget\" data-widget_type=\"icon-list.default\">\n\t\t\t\t\t\t\t<ul class=\"elementor-icon-list-items\">\n\t\t\t\t\t\t\t<li class=\"elementor-icon-list-item\">\n\t\t\t\t\t\t\t\t\t\t\t<a href=\"https:\/\/sammedic.org\/wp-content\/uploads\/2026\/01\/2022-Jaarrekening-SAM-ANBI.pdf\" target=\"_blank\">\n\n\t\t\t\t\t\t\t\t\t\t\t\t<span class=\"elementor-icon-list-icon\">\n\t\t\t\t\t\t\t<svg aria-hidden=\"true\" class=\"e-font-icon-svg e-fas-file-download\" viewBox=\"0 0 384 512\" xmlns=\"http:\/\/www.w3.org\/2000\/svg\"><path d=\"M224 136V0H24C10.7 0 0 10.7 0 24v464c0 13.3 10.7 24 24 24h336c13.3 0 24-10.7 24-24V160H248c-13.2 0-24-10.8-24-24zm76.45 211.36l-96.42 95.7c-6.65 6.61-17.39 6.61-24.04 0l-96.42-95.7C73.42 337.29 80.54 320 94.82 320H160v-80c0-8.84 7.16-16 16-16h32c8.84 0 16 7.16 16 16v80h65.18c14.28 0 21.4 17.29 11.27 27.36zM377 105L279.1 7c-4.5-4.5-10.6-7-17-7H256v128h128v-6.1c0-6.3-2.5-12.4-7-16.9z\"><\/path><\/svg>\t\t\t\t\t\t<\/span>\n\t\t\t\t\t\t\t\t\t\t<span class=\"elementor-icon-list-text\">Financieel jaarverslag 2022<\/span>\n\t\t\t\t\t\t\t\t\t\t\t<\/a>\n\t\t\t\t\t\t\t\t\t<\/li>\n\t\t\t\t\t\t<\/ul>\n\t\t\t\t\t\t<\/div>\n\t\t\t\t<\/div>\n\t\t\t\t\t<\/details>\n\t\t\t\t\t<\/div>\n\t\t\t\t\t\t<\/div>\n\t\t\t\t\t<\/div>\n\t\t\t\t<\/div>\n\t\t\t\t<\/div>\n\t\t","protected":false},"excerpt":{"rendered":"<p>Bestuursleden Pim de Lijster &#8211; Voorzitter \/ Projectco\u00f6rdinator Vanaf 2000 is Pim betrokken bij Stichting SAM toen hij, samen met zijn vrouw Willemijn, als arts tot begin 2003 werkzaam was in het ziekenhuis van Nkhoma, Malawi. Na een tussenperiode in Australi\u00eb, bij de Royal Flying Doctor Service, is hij in 2009 begonnen met het Mozmed [&hellip;]<\/p>\n","protected":false},"author":2,"featured_media":0,"parent":0,"menu_order":0,"comment_status":"closed","ping_status":"closed","template":"","meta":{"footnotes":""},"class_list":["post-599","page","type-page","status-publish","hentry"],"_links":{"self":[{"href":"https:\/\/sammedic.org\/nl_nl\/wp-json\/wp\/v2\/pages\/599","targetHints":{"allow":["GET"]}}],"collection":[{"href":"https:\/\/sammedic.org\/nl_nl\/wp-json\/wp\/v2\/pages"}],"about":[{"href":"https:\/\/sammedic.org\/nl_nl\/wp-json\/wp\/v2\/types\/page"}],"author":[{"embeddable":true,"href":"https:\/\/sammedic.org\/nl_nl\/wp-json\/wp\/v2\/users\/2"}],"replies":[{"embeddable":true,"href":"https:\/\/sammedic.org\/nl_nl\/wp-json\/wp\/v2\/comments?post=599"}],"version-history":[{"count":44,"href":"https:\/\/sammedic.org\/nl_nl\/wp-json\/wp\/v2\/pages\/599\/revisions"}],"predecessor-version":[{"id":771,"href":"https:\/\/sammedic.org\/nl_nl\/wp-json\/wp\/v2\/pages\/599\/revisions\/771"}],"wp:attachment":[{"href":"https:\/\/sammedic.org\/nl_nl\/wp-json\/wp\/v2\/media?parent=599"}],"curies":[{"name":"wp","href":"https:\/\/api.w.org\/{rel}","templated":true}]}}